{"id":16,"date":"2020-02-24T18:54:55","date_gmt":"2020-02-24T17:54:55","guid":{"rendered":"http:\/\/www.22dmusic.com\/new_website\/?page_id=16"},"modified":"2026-04-17T11:52:42","modified_gmt":"2026-04-17T09:52:42","slug":"label","status":"publish","type":"page","link":"https:\/\/www.22dmusic.com\/fr\/label\/","title":{"rendered":"Label"},"content":{"rendered":"<p><span style=\"font-weight: 400;\">Nous accompagnons la sortie de vos projets sur les plateformes de streaming, les stores num\u00e9riques et physiques ! Gr\u00e2ce \u00e0 nos partenariats privil\u00e9gi\u00e9s avec des distributeurs, nous maximisons la visibilit\u00e9 de votre musique :<\/span><\/p>\n<ul>\n<li style=\"font-weight: 400;\" aria-level=\"1\"><span style=\"font-weight: 400;\">Playlists \u00e9ditoriales\u00a0<\/span><\/li>\n<li style=\"font-weight: 400;\" aria-level=\"1\"><span style=\"font-weight: 400;\">Op\u00e9rations de distribution\u00a0<\/span><\/li>\n<li style=\"font-weight: 400;\" aria-level=\"1\"><span style=\"font-weight: 400;\">\u00c9laborations et activations de campagnes promotionnelles efficaces, g\u00e9r\u00e9es par notre \u00e9quipe communication.<\/span><\/li>\n<\/ul>\n<p><\/p>","protected":false},"excerpt":{"rendered":"<p>Nous accompagnons la sortie de vos projets sur les plateformes de streaming, les stores num\u00e9riques et physiques ! Gr\u00e2ce \u00e0 nos partenariats privil\u00e9gi\u00e9s avec des distributeurs, nous maximisons la visibilit\u00e9 de votre musique : Playlists \u00e9ditoriales\u00a0 Op\u00e9rations de distribution\u00a0 \u00c9laborations et activations de campagnes promotionnelles efficaces, g\u00e9r\u00e9es par notre \u00e9quipe communication.<\/p>\n","protected":false},"author":1,"featured_media":0,"parent":0,"menu_order":5,"comment_status":"closed","ping_status":"closed","template":"page_GRID.php","meta":{"_acf_changed":false,"footnotes":""},"class_list":["post-16","page","type-page","status-publish","hentry"],"acf":[],"yoast_head":"<!-- This site is optimized with the Yoast SEO plugin v27.5 - https:\/\/yoast.com\/product\/yoast-seo-wordpress\/ -->\n<title>Label - 22D<\/title>\n<meta name=\"robots\" content=\"index, follow, max-snippet:-1, max-image-preview:large, max-video-preview:-1\" \/>\n<link rel=\"canonical\" href=\"https:\/\/www.22dmusic.com\/fr\/label\/\" \/>\n<meta property=\"og:locale\" content=\"fr_FR\" \/>\n<meta property=\"og:type\" content=\"article\" \/>\n<meta property=\"og:title\" content=\"Label - 22D\" \/>\n<meta property=\"og:description\" content=\"Nous accompagnons la sortie de vos projets sur les plateformes de streaming, les stores num\u00e9riques et physiques ! Gr\u00e2ce \u00e0 nos partenariats privil\u00e9gi\u00e9s avec des distributeurs, nous maximisons la visibilit\u00e9 de votre musique : Playlists \u00e9ditoriales\u00a0 Op\u00e9rations de distribution\u00a0 \u00c9laborations et activations de campagnes promotionnelles efficaces, g\u00e9r\u00e9es par notre \u00e9quipe communication.\" \/>\n<meta property=\"og:url\" content=\"https:\/\/www.22dmusic.com\/fr\/label\/\" \/>\n<meta property=\"og:site_name\" content=\"22D\" \/>\n<meta property=\"article:modified_time\" content=\"2026-04-17T09:52:42+00:00\" \/>\n<meta property=\"og:image\" content=\"https:\/\/www.22dmusic.com\/new_website\/wp-content\/uploads\/2020\/04\/22D_facebook.png\" \/>\n\t<meta property=\"og:image:width\" content=\"2500\" \/>\n\t<meta property=\"og:image:height\" content=\"1308\" \/>\n\t<meta property=\"og:image:type\" content=\"image\/png\" \/>\n<meta name=\"twitter:card\" content=\"summary_large_image\" \/>\n<meta name=\"twitter:label1\" content=\"Dur\u00e9e de lecture estim\u00e9e\" \/>\n\t<meta name=\"twitter:data1\" content=\"1 minute\" \/>\n<script type=\"application\/ld+json\" class=\"yoast-schema-graph\">{\"@context\":\"https:\\\/\\\/schema.org\",\"@graph\":[{\"@type\":\"WebPage\",\"@id\":\"https:\\\/\\\/www.22dmusic.com\\\/fr\\\/label\\\/\",\"url\":\"https:\\\/\\\/www.22dmusic.com\\\/fr\\\/label\\\/\",\"name\":\"Label - 22D\",\"isPartOf\":{\"@id\":\"https:\\\/\\\/www.22dmusic.com\\\/fr\\\/#website\"},\"datePublished\":\"2020-02-24T17:54:55+00:00\",\"dateModified\":\"2026-04-17T09:52:42+00:00\",\"breadcrumb\":{\"@id\":\"https:\\\/\\\/www.22dmusic.com\\\/fr\\\/label\\\/#breadcrumb\"},\"inLanguage\":\"fr-FR\",\"potentialAction\":[{\"@type\":\"ReadAction\",\"target\":[[\"https:\\\/\\\/www.22dmusic.com\\\/fr\\\/label\\\/\"]]}]},{\"@type\":\"BreadcrumbList\",\"@id\":\"https:\\\/\\\/www.22dmusic.com\\\/fr\\\/label\\\/#breadcrumb\",\"itemListElement\":[{\"@type\":\"ListItem\",\"position\":1,\"name\":\"Accueil\",\"item\":\"https:\\\/\\\/www.22dmusic.com\\\/fr\\\/\"},{\"@type\":\"ListItem\",\"position\":2,\"name\":\"Label\"}]},{\"@type\":\"WebSite\",\"@id\":\"https:\\\/\\\/www.22dmusic.com\\\/fr\\\/#website\",\"url\":\"https:\\\/\\\/www.22dmusic.com\\\/fr\\\/\",\"name\":\"22D\",\"description\":\"Since 2006, 22D Music Group is an independent music rights management company with a special focus on music rights of audiovisual industries with worldwide music coverage.\",\"potentialAction\":[{\"@type\":\"SearchAction\",\"target\":{\"@type\":\"EntryPoint\",\"urlTemplate\":\"https:\\\/\\\/www.22dmusic.com\\\/fr\\\/?s={search_term_string}\"},\"query-input\":{\"@type\":\"PropertyValueSpecification\",\"valueRequired\":true,\"valueName\":\"search_term_string\"}}],\"inLanguage\":\"fr-FR\"}]}<\/script>\n<!-- \/ Yoast SEO plugin. -->","yoast_head_json":{"title":"Label - 22D","robots":{"index":"index","follow":"follow","max-snippet":"max-snippet:-1","max-image-preview":"max-image-preview:large","max-video-preview":"max-video-preview:-1"},"canonical":"https:\/\/www.22dmusic.com\/fr\/label\/","og_locale":"fr_FR","og_type":"article","og_title":"Label - 22D","og_description":"Nous accompagnons la sortie de vos projets sur les plateformes de streaming, les stores num\u00e9riques et physiques ! Gr\u00e2ce \u00e0 nos partenariats privil\u00e9gi\u00e9s avec des distributeurs, nous maximisons la visibilit\u00e9 de votre musique : Playlists \u00e9ditoriales\u00a0 Op\u00e9rations de distribution\u00a0 \u00c9laborations et activations de campagnes promotionnelles efficaces, g\u00e9r\u00e9es par notre \u00e9quipe communication.","og_url":"https:\/\/www.22dmusic.com\/fr\/label\/","og_site_name":"22D","article_modified_time":"2026-04-17T09:52:42+00:00","og_image":[{"width":2500,"height":1308,"url":"https:\/\/www.22dmusic.com\/new_website\/wp-content\/uploads\/2020\/04\/22D_facebook.png","type":"image\/png"}],"twitter_card":"summary_large_image","twitter_misc":{"Dur\u00e9e de lecture estim\u00e9e":"1 minute"},"schema":{"@context":"https:\/\/schema.org","@graph":[{"@type":"WebPage","@id":"https:\/\/www.22dmusic.com\/fr\/label\/","url":"https:\/\/www.22dmusic.com\/fr\/label\/","name":"Label - 22D","isPartOf":{"@id":"https:\/\/www.22dmusic.com\/fr\/#website"},"datePublished":"2020-02-24T17:54:55+00:00","dateModified":"2026-04-17T09:52:42+00:00","breadcrumb":{"@id":"https:\/\/www.22dmusic.com\/fr\/label\/#breadcrumb"},"inLanguage":"fr-FR","potentialAction":[{"@type":"ReadAction","target":[["https:\/\/www.22dmusic.com\/fr\/label\/"]]}]},{"@type":"BreadcrumbList","@id":"https:\/\/www.22dmusic.com\/fr\/label\/#breadcrumb","itemListElement":[{"@type":"ListItem","position":1,"name":"Accueil","item":"https:\/\/www.22dmusic.com\/fr\/"},{"@type":"ListItem","position":2,"name":"Label"}]},{"@type":"WebSite","@id":"https:\/\/www.22dmusic.com\/fr\/#website","url":"https:\/\/www.22dmusic.com\/fr\/","name":"22D","description":"Since 2006, 22D Music Group is an independent music rights management company with a special focus on music rights of audiovisual industries with worldwide music coverage.","potentialAction":[{"@type":"SearchAction","target":{"@type":"EntryPoint","urlTemplate":"https:\/\/www.22dmusic.com\/fr\/?s={search_term_string}"},"query-input":{"@type":"PropertyValueSpecification","valueRequired":true,"valueName":"search_term_string"}}],"inLanguage":"fr-FR"}]}},"_links":{"self":[{"href":"https:\/\/www.22dmusic.com\/fr\/wp-json\/wp\/v2\/pages\/16","targetHints":{"allow":["GET"]}}],"collection":[{"href":"https:\/\/www.22dmusic.com\/fr\/wp-json\/wp\/v2\/pages"}],"about":[{"href":"https:\/\/www.22dmusic.com\/fr\/wp-json\/wp\/v2\/types\/page"}],"author":[{"embeddable":true,"href":"https:\/\/www.22dmusic.com\/fr\/wp-json\/wp\/v2\/users\/1"}],"replies":[{"embeddable":true,"href":"https:\/\/www.22dmusic.com\/fr\/wp-json\/wp\/v2\/comments?post=16"}],"version-history":[{"count":307,"href":"https:\/\/www.22dmusic.com\/fr\/wp-json\/wp\/v2\/pages\/16\/revisions"}],"predecessor-version":[{"id":2256,"href":"https:\/\/www.22dmusic.com\/fr\/wp-json\/wp\/v2\/pages\/16\/revisions\/2256"}],"wp:attachment":[{"href":"https:\/\/www.22dmusic.com\/fr\/wp-json\/wp\/v2\/media?parent=16"}],"curies":[{"name":"wp","href":"https:\/\/api.w.org\/{rel}","templated":true}]}}