{"id":14,"date":"2020-02-24T18:54:43","date_gmt":"2020-02-24T17:54:43","guid":{"rendered":"http:\/\/www.22dmusic.com\/new_website\/?page_id=14"},"modified":"2026-03-09T15:15:15","modified_gmt":"2026-03-09T14:15:15","slug":"music-supervision","status":"publish","type":"page","link":"https:\/\/www.22dmusic.com\/fr\/music-supervision\/","title":{"rendered":"Supervision musicale"},"content":{"rendered":"<p><span style=\"font-weight: 400;\">Notre \u00e9quipe synchro g\u00e8re votre catalogue musical et cr\u00e9e de nouvelles opportunit\u00e9s de revenus. <\/span><\/p>\n<p><span style=\"font-weight: 400;\">Nous trouvons la meilleure musique pour votre projet et, gr\u00e2ce \u00e0 notre expertise en clearance, nous vous garantissons les meilleurs tarifs lors des n\u00e9gociations avec les ayants droit.<\/span><\/p>","protected":false},"excerpt":{"rendered":"<p>Notre \u00e9quipe synchro g\u00e8re votre catalogue musical et cr\u00e9e de nouvelles opportunit\u00e9s de revenus. Nous trouvons la meilleure musique pour votre projet et, gr\u00e2ce \u00e0 notre expertise en clearance, nous vous garantissons les meilleurs tarifs lors des n\u00e9gociations avec les ayants droit.<\/p>\n","protected":false},"author":1,"featured_media":0,"parent":0,"menu_order":4,"comment_status":"closed","ping_status":"closed","template":"page_GRID.php","meta":{"_acf_changed":false,"footnotes":""},"class_list":["post-14","page","type-page","status-publish","hentry"],"acf":[],"yoast_head":"<!-- This site is optimized with the Yoast SEO plugin v27.5 - https:\/\/yoast.com\/product\/yoast-seo-wordpress\/ -->\n<title>Supervision musicale - 22D<\/title>\n<meta name=\"robots\" content=\"index, follow, max-snippet:-1, max-image-preview:large, max-video-preview:-1\" \/>\n<link rel=\"canonical\" href=\"https:\/\/www.22dmusic.com\/fr\/music-supervision\/\" \/>\n<meta property=\"og:locale\" content=\"fr_FR\" \/>\n<meta property=\"og:type\" content=\"article\" \/>\n<meta property=\"og:title\" content=\"Supervision musicale - 22D\" \/>\n<meta property=\"og:description\" content=\"Notre \u00e9quipe synchro g\u00e8re votre catalogue musical et cr\u00e9e de nouvelles opportunit\u00e9s de revenus. Nous trouvons la meilleure musique pour votre projet et, gr\u00e2ce \u00e0 notre expertise en clearance, nous vous garantissons les meilleurs tarifs lors des n\u00e9gociations avec les ayants droit.\" \/>\n<meta property=\"og:url\" content=\"https:\/\/www.22dmusic.com\/fr\/music-supervision\/\" \/>\n<meta property=\"og:site_name\" content=\"22D\" \/>\n<meta property=\"article:modified_time\" content=\"2026-03-09T14:15:15+00:00\" \/>\n<meta property=\"og:image\" content=\"https:\/\/www.22dmusic.com\/new_website\/wp-content\/uploads\/2020\/04\/22D_facebook.png\" \/>\n\t<meta property=\"og:image:width\" content=\"2500\" \/>\n\t<meta property=\"og:image:height\" content=\"1308\" \/>\n\t<meta property=\"og:image:type\" content=\"image\/png\" \/>\n<meta name=\"twitter:card\" content=\"summary_large_image\" \/>\n<meta name=\"twitter:label1\" content=\"Dur\u00e9e de lecture estim\u00e9e\" \/>\n\t<meta name=\"twitter:data1\" content=\"1 minute\" \/>\n<script type=\"application\/ld+json\" class=\"yoast-schema-graph\">{\"@context\":\"https:\\\/\\\/schema.org\",\"@graph\":[{\"@type\":\"WebPage\",\"@id\":\"https:\\\/\\\/www.22dmusic.com\\\/fr\\\/music-supervision\\\/\",\"url\":\"https:\\\/\\\/www.22dmusic.com\\\/fr\\\/music-supervision\\\/\",\"name\":\"Supervision musicale - 22D\",\"isPartOf\":{\"@id\":\"https:\\\/\\\/www.22dmusic.com\\\/fr\\\/#website\"},\"datePublished\":\"2020-02-24T17:54:43+00:00\",\"dateModified\":\"2026-03-09T14:15:15+00:00\",\"breadcrumb\":{\"@id\":\"https:\\\/\\\/www.22dmusic.com\\\/fr\\\/music-supervision\\\/#breadcrumb\"},\"inLanguage\":\"fr-FR\",\"potentialAction\":[{\"@type\":\"ReadAction\",\"target\":[[\"https:\\\/\\\/www.22dmusic.com\\\/fr\\\/music-supervision\\\/\"]]}]},{\"@type\":\"BreadcrumbList\",\"@id\":\"https:\\\/\\\/www.22dmusic.com\\\/fr\\\/music-supervision\\\/#breadcrumb\",\"itemListElement\":[{\"@type\":\"ListItem\",\"position\":1,\"name\":\"Accueil\",\"item\":\"https:\\\/\\\/www.22dmusic.com\\\/fr\\\/\"},{\"@type\":\"ListItem\",\"position\":2,\"name\":\"Music Supervision\"}]},{\"@type\":\"WebSite\",\"@id\":\"https:\\\/\\\/www.22dmusic.com\\\/fr\\\/#website\",\"url\":\"https:\\\/\\\/www.22dmusic.com\\\/fr\\\/\",\"name\":\"22D\",\"description\":\"Since 2006, 22D Music Group is an independent music rights management company with a special focus on music rights of audiovisual industries with worldwide music coverage.\",\"potentialAction\":[{\"@type\":\"SearchAction\",\"target\":{\"@type\":\"EntryPoint\",\"urlTemplate\":\"https:\\\/\\\/www.22dmusic.com\\\/fr\\\/?s={search_term_string}\"},\"query-input\":{\"@type\":\"PropertyValueSpecification\",\"valueRequired\":true,\"valueName\":\"search_term_string\"}}],\"inLanguage\":\"fr-FR\"}]}<\/script>\n<!-- \/ Yoast SEO plugin. -->","yoast_head_json":{"title":"Supervision musicale - 22D","robots":{"index":"index","follow":"follow","max-snippet":"max-snippet:-1","max-image-preview":"max-image-preview:large","max-video-preview":"max-video-preview:-1"},"canonical":"https:\/\/www.22dmusic.com\/fr\/music-supervision\/","og_locale":"fr_FR","og_type":"article","og_title":"Supervision musicale - 22D","og_description":"Notre \u00e9quipe synchro g\u00e8re votre catalogue musical et cr\u00e9e de nouvelles opportunit\u00e9s de revenus. Nous trouvons la meilleure musique pour votre projet et, gr\u00e2ce \u00e0 notre expertise en clearance, nous vous garantissons les meilleurs tarifs lors des n\u00e9gociations avec les ayants droit.","og_url":"https:\/\/www.22dmusic.com\/fr\/music-supervision\/","og_site_name":"22D","article_modified_time":"2026-03-09T14:15:15+00:00","og_image":[{"width":2500,"height":1308,"url":"https:\/\/www.22dmusic.com\/new_website\/wp-content\/uploads\/2020\/04\/22D_facebook.png","type":"image\/png"}],"twitter_card":"summary_large_image","twitter_misc":{"Dur\u00e9e de lecture estim\u00e9e":"1 minute"},"schema":{"@context":"https:\/\/schema.org","@graph":[{"@type":"WebPage","@id":"https:\/\/www.22dmusic.com\/fr\/music-supervision\/","url":"https:\/\/www.22dmusic.com\/fr\/music-supervision\/","name":"Supervision musicale - 22D","isPartOf":{"@id":"https:\/\/www.22dmusic.com\/fr\/#website"},"datePublished":"2020-02-24T17:54:43+00:00","dateModified":"2026-03-09T14:15:15+00:00","breadcrumb":{"@id":"https:\/\/www.22dmusic.com\/fr\/music-supervision\/#breadcrumb"},"inLanguage":"fr-FR","potentialAction":[{"@type":"ReadAction","target":[["https:\/\/www.22dmusic.com\/fr\/music-supervision\/"]]}]},{"@type":"BreadcrumbList","@id":"https:\/\/www.22dmusic.com\/fr\/music-supervision\/#breadcrumb","itemListElement":[{"@type":"ListItem","position":1,"name":"Accueil","item":"https:\/\/www.22dmusic.com\/fr\/"},{"@type":"ListItem","position":2,"name":"Music Supervision"}]},{"@type":"WebSite","@id":"https:\/\/www.22dmusic.com\/fr\/#website","url":"https:\/\/www.22dmusic.com\/fr\/","name":"22D","description":"Since 2006, 22D Music Group is an independent music rights management company with a special focus on music rights of audiovisual industries with worldwide music coverage.","potentialAction":[{"@type":"SearchAction","target":{"@type":"EntryPoint","urlTemplate":"https:\/\/www.22dmusic.com\/fr\/?s={search_term_string}"},"query-input":{"@type":"PropertyValueSpecification","valueRequired":true,"valueName":"search_term_string"}}],"inLanguage":"fr-FR"}]}},"_links":{"self":[{"href":"https:\/\/www.22dmusic.com\/fr\/wp-json\/wp\/v2\/pages\/14","targetHints":{"allow":["GET"]}}],"collection":[{"href":"https:\/\/www.22dmusic.com\/fr\/wp-json\/wp\/v2\/pages"}],"about":[{"href":"https:\/\/www.22dmusic.com\/fr\/wp-json\/wp\/v2\/types\/page"}],"author":[{"embeddable":true,"href":"https:\/\/www.22dmusic.com\/fr\/wp-json\/wp\/v2\/users\/1"}],"replies":[{"embeddable":true,"href":"https:\/\/www.22dmusic.com\/fr\/wp-json\/wp\/v2\/comments?post=14"}],"version-history":[{"count":152,"href":"https:\/\/www.22dmusic.com\/fr\/wp-json\/wp\/v2\/pages\/14\/revisions"}],"predecessor-version":[{"id":2185,"href":"https:\/\/www.22dmusic.com\/fr\/wp-json\/wp\/v2\/pages\/14\/revisions\/2185"}],"wp:attachment":[{"href":"https:\/\/www.22dmusic.com\/fr\/wp-json\/wp\/v2\/media?parent=14"}],"curies":[{"name":"wp","href":"https:\/\/api.w.org\/{rel}","templated":true}]}}