{"id":10,"date":"2020-02-24T18:54:21","date_gmt":"2020-02-24T17:54:21","guid":{"rendered":"http:\/\/www.22dmusic.com\/new_website\/?page_id=10"},"modified":"2025-07-17T14:52:04","modified_gmt":"2025-07-17T12:52:04","slug":"rights-management","status":"publish","type":"page","link":"https:\/\/www.22dmusic.com\/fr\/rights-management\/","title":{"rendered":"Gestion des droits"},"content":{"rendered":"<p><span style=\"font-weight: 400;\">En tant que membre direct des principales soci\u00e9t\u00e9s de gestion collective \u00e0 travers le monde, nous sommes experts dans la collecte des droits pour le compte de producteurs de films, de publicit\u00e9s et de s\u00e9ries.\u00a0<\/span><\/p>\n<p><span style=\"font-weight: 400;\">Nous assurons le suivi des diffusions sur tous les m\u00e9dias et fournissons une expertise locale personnalis\u00e9e pour toute question relative \u00e0 la gestion des droits.<\/span><\/p>","protected":false},"excerpt":{"rendered":"<p>En tant que membre direct des principales soci\u00e9t\u00e9s de gestion collective \u00e0 travers le monde, nous sommes experts dans la collecte des droits pour le compte de producteurs de films, de publicit\u00e9s et de s\u00e9ries.\u00a0 Nous assurons le suivi des diffusions sur tous les m\u00e9dias et fournissons une expertise locale personnalis\u00e9e pour toute question relative [&hellip;]<\/p>\n","protected":false},"author":1,"featured_media":0,"parent":0,"menu_order":2,"comment_status":"closed","ping_status":"closed","template":"page_GRID.php","meta":{"_acf_changed":false,"footnotes":""},"class_list":["post-10","page","type-page","status-publish","hentry"],"acf":[],"yoast_head":"<!-- This site is optimized with the Yoast SEO plugin v27.5 - https:\/\/yoast.com\/product\/yoast-seo-wordpress\/ -->\n<title>Gestion des droits - 22D<\/title>\n<meta name=\"robots\" content=\"index, follow, max-snippet:-1, max-image-preview:large, max-video-preview:-1\" \/>\n<link rel=\"canonical\" href=\"https:\/\/www.22dmusic.com\/fr\/rights-management\/\" \/>\n<meta property=\"og:locale\" content=\"fr_FR\" \/>\n<meta property=\"og:type\" content=\"article\" \/>\n<meta property=\"og:title\" content=\"Gestion des droits - 22D\" \/>\n<meta property=\"og:description\" content=\"En tant que membre direct des principales soci\u00e9t\u00e9s de gestion collective \u00e0 travers le monde, nous sommes experts dans la collecte des droits pour le compte de producteurs de films, de publicit\u00e9s et de s\u00e9ries.\u00a0 Nous assurons le suivi des diffusions sur tous les m\u00e9dias et fournissons une expertise locale personnalis\u00e9e pour toute question relative [&hellip;]\" \/>\n<meta property=\"og:url\" content=\"https:\/\/www.22dmusic.com\/fr\/rights-management\/\" \/>\n<meta property=\"og:site_name\" content=\"22D\" \/>\n<meta property=\"article:modified_time\" content=\"2025-07-17T12:52:04+00:00\" \/>\n<meta property=\"og:image\" content=\"https:\/\/www.22dmusic.com\/new_website\/wp-content\/uploads\/2020\/04\/22D_facebook.png\" \/>\n\t<meta property=\"og:image:width\" content=\"2500\" \/>\n\t<meta property=\"og:image:height\" content=\"1308\" \/>\n\t<meta property=\"og:image:type\" content=\"image\/png\" \/>\n<meta name=\"twitter:card\" content=\"summary_large_image\" \/>\n<meta name=\"twitter:label1\" content=\"Dur\u00e9e de lecture estim\u00e9e\" \/>\n\t<meta name=\"twitter:data1\" content=\"1 minute\" \/>\n<script type=\"application\/ld+json\" class=\"yoast-schema-graph\">{\"@context\":\"https:\\\/\\\/schema.org\",\"@graph\":[{\"@type\":\"WebPage\",\"@id\":\"https:\\\/\\\/www.22dmusic.com\\\/fr\\\/rights-management\\\/\",\"url\":\"https:\\\/\\\/www.22dmusic.com\\\/fr\\\/rights-management\\\/\",\"name\":\"Gestion des droits - 22D\",\"isPartOf\":{\"@id\":\"https:\\\/\\\/www.22dmusic.com\\\/fr\\\/#website\"},\"datePublished\":\"2020-02-24T17:54:21+00:00\",\"dateModified\":\"2025-07-17T12:52:04+00:00\",\"breadcrumb\":{\"@id\":\"https:\\\/\\\/www.22dmusic.com\\\/fr\\\/rights-management\\\/#breadcrumb\"},\"inLanguage\":\"fr-FR\",\"potentialAction\":[{\"@type\":\"ReadAction\",\"target\":[[\"https:\\\/\\\/www.22dmusic.com\\\/fr\\\/rights-management\\\/\"]]}]},{\"@type\":\"BreadcrumbList\",\"@id\":\"https:\\\/\\\/www.22dmusic.com\\\/fr\\\/rights-management\\\/#breadcrumb\",\"itemListElement\":[{\"@type\":\"ListItem\",\"position\":1,\"name\":\"Accueil\",\"item\":\"https:\\\/\\\/www.22dmusic.com\\\/fr\\\/\"},{\"@type\":\"ListItem\",\"position\":2,\"name\":\"Rights management\"}]},{\"@type\":\"WebSite\",\"@id\":\"https:\\\/\\\/www.22dmusic.com\\\/fr\\\/#website\",\"url\":\"https:\\\/\\\/www.22dmusic.com\\\/fr\\\/\",\"name\":\"22D\",\"description\":\"Since 2006, 22D Music Group is an independent music rights management company with a special focus on music rights of audiovisual industries with worldwide music coverage.\",\"potentialAction\":[{\"@type\":\"SearchAction\",\"target\":{\"@type\":\"EntryPoint\",\"urlTemplate\":\"https:\\\/\\\/www.22dmusic.com\\\/fr\\\/?s={search_term_string}\"},\"query-input\":{\"@type\":\"PropertyValueSpecification\",\"valueRequired\":true,\"valueName\":\"search_term_string\"}}],\"inLanguage\":\"fr-FR\"}]}<\/script>\n<!-- \/ Yoast SEO plugin. -->","yoast_head_json":{"title":"Gestion des droits - 22D","robots":{"index":"index","follow":"follow","max-snippet":"max-snippet:-1","max-image-preview":"max-image-preview:large","max-video-preview":"max-video-preview:-1"},"canonical":"https:\/\/www.22dmusic.com\/fr\/rights-management\/","og_locale":"fr_FR","og_type":"article","og_title":"Gestion des droits - 22D","og_description":"En tant que membre direct des principales soci\u00e9t\u00e9s de gestion collective \u00e0 travers le monde, nous sommes experts dans la collecte des droits pour le compte de producteurs de films, de publicit\u00e9s et de s\u00e9ries.\u00a0 Nous assurons le suivi des diffusions sur tous les m\u00e9dias et fournissons une expertise locale personnalis\u00e9e pour toute question relative [&hellip;]","og_url":"https:\/\/www.22dmusic.com\/fr\/rights-management\/","og_site_name":"22D","article_modified_time":"2025-07-17T12:52:04+00:00","og_image":[{"width":2500,"height":1308,"url":"https:\/\/www.22dmusic.com\/new_website\/wp-content\/uploads\/2020\/04\/22D_facebook.png","type":"image\/png"}],"twitter_card":"summary_large_image","twitter_misc":{"Dur\u00e9e de lecture estim\u00e9e":"1 minute"},"schema":{"@context":"https:\/\/schema.org","@graph":[{"@type":"WebPage","@id":"https:\/\/www.22dmusic.com\/fr\/rights-management\/","url":"https:\/\/www.22dmusic.com\/fr\/rights-management\/","name":"Gestion des droits - 22D","isPartOf":{"@id":"https:\/\/www.22dmusic.com\/fr\/#website"},"datePublished":"2020-02-24T17:54:21+00:00","dateModified":"2025-07-17T12:52:04+00:00","breadcrumb":{"@id":"https:\/\/www.22dmusic.com\/fr\/rights-management\/#breadcrumb"},"inLanguage":"fr-FR","potentialAction":[{"@type":"ReadAction","target":[["https:\/\/www.22dmusic.com\/fr\/rights-management\/"]]}]},{"@type":"BreadcrumbList","@id":"https:\/\/www.22dmusic.com\/fr\/rights-management\/#breadcrumb","itemListElement":[{"@type":"ListItem","position":1,"name":"Accueil","item":"https:\/\/www.22dmusic.com\/fr\/"},{"@type":"ListItem","position":2,"name":"Rights management"}]},{"@type":"WebSite","@id":"https:\/\/www.22dmusic.com\/fr\/#website","url":"https:\/\/www.22dmusic.com\/fr\/","name":"22D","description":"Since 2006, 22D Music Group is an independent music rights management company with a special focus on music rights of audiovisual industries with worldwide music coverage.","potentialAction":[{"@type":"SearchAction","target":{"@type":"EntryPoint","urlTemplate":"https:\/\/www.22dmusic.com\/fr\/?s={search_term_string}"},"query-input":{"@type":"PropertyValueSpecification","valueRequired":true,"valueName":"search_term_string"}}],"inLanguage":"fr-FR"}]}},"_links":{"self":[{"href":"https:\/\/www.22dmusic.com\/fr\/wp-json\/wp\/v2\/pages\/10","targetHints":{"allow":["GET"]}}],"collection":[{"href":"https:\/\/www.22dmusic.com\/fr\/wp-json\/wp\/v2\/pages"}],"about":[{"href":"https:\/\/www.22dmusic.com\/fr\/wp-json\/wp\/v2\/types\/page"}],"author":[{"embeddable":true,"href":"https:\/\/www.22dmusic.com\/fr\/wp-json\/wp\/v2\/users\/1"}],"replies":[{"embeddable":true,"href":"https:\/\/www.22dmusic.com\/fr\/wp-json\/wp\/v2\/comments?post=10"}],"version-history":[{"count":147,"href":"https:\/\/www.22dmusic.com\/fr\/wp-json\/wp\/v2\/pages\/10\/revisions"}],"predecessor-version":[{"id":1897,"href":"https:\/\/www.22dmusic.com\/fr\/wp-json\/wp\/v2\/pages\/10\/revisions\/1897"}],"wp:attachment":[{"href":"https:\/\/www.22dmusic.com\/fr\/wp-json\/wp\/v2\/media?parent=10"}],"curies":[{"name":"wp","href":"https:\/\/api.w.org\/{rel}","templated":true}]}}